{"id":1788,"date":"2017-11-14T10:15:29","date_gmt":"2017-11-14T09:15:29","guid":{"rendered":"https:\/\/zirrimarra.eus\/estudio\/"},"modified":"2021-01-07T10:46:45","modified_gmt":"2021-01-07T09:46:45","slug":"estudio","status":"publish","type":"page","link":"https:\/\/zirrimarra.eus\/es\/estudio\/","title":{"rendered":"ESTUDIO"},"content":{"rendered":"<p>[vc_row row_top_spacing=\u00bb4&#8243; row_bottom_spacing=\u00bb1&#8243;][vc_column][proton_page_heading title=\u00bbEstudio Gr\u00e1fico\u00bb]<\/p>\n<h3>Espacio de creaci\u00f3n, desarrollo y aplicaci\u00f3n gr\u00e1fica.<br \/>\nEstudio creado el a\u00f1o 1998 en Andoain (Gipuzkoa)<\/h3>\n<p>[\/proton_page_heading][\/vc_column][vc_column][vc_column_text]<\/p>\n<h3>Modo de trabajo<\/h3>\n<ul>\n<li>La <strong>imaginaci\u00f3n<\/strong> como soluci\u00f3n a proyectos y <strong>necesidades comunicativas<\/strong>.<\/li>\n<li><strong>Adecuaci\u00f3n<\/strong> y <strong>asesoramiento<\/strong> de los recursos necesarios para cada <strong>idea<\/strong>.<\/li>\n<li>A\u00f1os de recorrido con <strong>clientes<\/strong> y <strong>diferentes agentes<\/strong> para llevar adelante <strong>grandes o peque\u00f1os proyectos<\/strong> con el <strong>mismo mimo<\/strong> y <strong>dedicaci\u00f3n<\/strong>.<\/li>\n<li><strong>Coordinaci\u00f3n<\/strong> del proceso gr\u00e1fico hasta el <strong>soporte final.<\/strong><\/li>\n<\/ul>\n<p>[\/vc_column_text][vc_column_text]<\/p>\n<h3>Equipo<\/h3>\n<h4>Se compone de una red de colaboradores y proveedores coordinados por el dise\u00f1ador independiente <strong>I\u00f1aki Gozalo Erro (Wentxi)<\/strong>.<br \/>\n\u00c9l es el responsable de la gesti\u00f3n de los diferentes proyectos.<\/h4>\n<p>[\/vc_column_text][\/vc_column][\/vc_row][vc_row row_bottom_spacing=\u00bb1&#8243;][vc_column width=\u00bb1\/2&#8243;][vc_single_image image=\u00bb979&#8243; img_size=\u00bblarge\u00bb][\/vc_column][vc_column width=\u00bb1\/2&#8243;][vc_single_image image=\u00bb563&#8243; img_size=\u00bblarge\u00bb css=\u00bb.vc_custom_1581095453517{margin-top: 30px !important;}\u00bb][\/vc_column][\/vc_row][vc_row row_top_spacing=\u00bb1&#8243; row_bottom_spacing=\u00bb1&#8243;][vc_column width=\u00bb1\/2&#8243;][\/vc_column][vc_column width=\u00bb1\/2&#8243;][\/vc_column][\/vc_row]<\/p>\n","protected":false},"excerpt":{"rendered":"<p>[vc_row row_top_spacing=\u00bb4&#8243; row_bottom_spacing=\u00bb1&#8243;][vc_column][proton_page_heading title=\u00bbEstudio Gr\u00e1fico\u00bb] Espacio de creaci\u00f3n, desarrollo y aplicaci\u00f3n gr\u00e1fica. Estudio creado el a\u00f1o 1998 en Andoain (Gipuzkoa) [\/proton_page_heading][\/vc_column][vc_column][vc_column_text] Modo de trabajo La imaginaci\u00f3n como soluci\u00f3n a proyectos y necesidades comunicativas. Adecuaci\u00f3n y asesoramiento de los recursos necesarios para cada idea. A\u00f1os de recorrido con clientes y diferentes agentes para llevar adelante grandes&hellip;<\/p>\n","protected":false},"author":1,"featured_media":1617,"parent":0,"menu_order":0,"comment_status":"closed","ping_status":"closed","template":"","meta":{"footnotes":""},"class_list":["post-1788","page","type-page","status-publish","has-post-thumbnail","hentry"],"_links":{"self":[{"href":"https:\/\/zirrimarra.eus\/es\/wp-json\/wp\/v2\/pages\/1788","targetHints":{"allow":["GET"]}}],"collection":[{"href":"https:\/\/zirrimarra.eus\/es\/wp-json\/wp\/v2\/pages"}],"about":[{"href":"https:\/\/zirrimarra.eus\/es\/wp-json\/wp\/v2\/types\/page"}],"author":[{"embeddable":true,"href":"https:\/\/zirrimarra.eus\/es\/wp-json\/wp\/v2\/users\/1"}],"replies":[{"embeddable":true,"href":"https:\/\/zirrimarra.eus\/es\/wp-json\/wp\/v2\/comments?post=1788"}],"version-history":[{"count":0,"href":"https:\/\/zirrimarra.eus\/es\/wp-json\/wp\/v2\/pages\/1788\/revisions"}],"wp:featuredmedia":[{"embeddable":true,"href":"https:\/\/zirrimarra.eus\/es\/wp-json\/wp\/v2\/media\/1617"}],"wp:attachment":[{"href":"https:\/\/zirrimarra.eus\/es\/wp-json\/wp\/v2\/media?parent=1788"}],"curies":[{"name":"wp","href":"https:\/\/api.w.org\/{rel}","templated":true}]}}